{"id":9,"date":"2020-02-05T12:48:42","date_gmt":"2020-02-05T11:48:42","guid":{"rendered":"https:\/\/shareghi.de\/?page_id=9"},"modified":"2025-07-17T12:23:04","modified_gmt":"2025-07-17T10:23:04","slug":"blog","status":"publish","type":"page","link":"https:\/\/shareghi.de\/?page_id=9","title":{"rendered":"Praxis Information !"},"content":{"rendered":"\n<p><em><strong>Liebe Patienten<\/strong><\/em>,<br>wir <strong>sind zu den ver\u00f6ffentlichten Zeiten f\u00fcr Sie da<\/strong>. Bei unserer Arbeit achten wir genau auf die Einhaltung der notwendigen Hygiene Anforderungen unter Ber\u00fccksichtigung der von den Beh\u00f6rden erlassenen Verordnungen. In jedem Fall wollen wir Ihre Gesundheit sch\u00fctzen<mark style=\"background-color:rgba(0, 0, 0, 0)\" class=\"has-inline-color has-pale-pink-color\"><\/mark><\/p>\n\n\n\n<p>Ihr Praxis Team<\/p>\n\n\n\n<p><\/p>\n","protected":false},"excerpt":{"rendered":"<p>Liebe Patienten,wir sind zu den ver\u00f6ffentlichten Zeiten f\u00fcr Sie da. Bei unserer Arbeit achten wir genau auf die Einhaltung der notwendigen Hygiene Anforderungen unter Ber\u00fccksichtigung der von den Beh\u00f6rden erlassenen Verordnungen. In jedem Fall wollen wir Ihre Gesundheit sch\u00fctzen Ihr Praxis Team<\/p>\n","protected":false},"author":2,"featured_media":0,"parent":0,"menu_order":0,"comment_status":"closed","ping_status":"closed","template":"","meta":{"footnotes":""},"class_list":["post-9","page","type-page","status-publish","hentry"],"_links":{"self":[{"href":"https:\/\/shareghi.de\/index.php?rest_route=\/wp\/v2\/pages\/9","targetHints":{"allow":["GET"]}}],"collection":[{"href":"https:\/\/shareghi.de\/index.php?rest_route=\/wp\/v2\/pages"}],"about":[{"href":"https:\/\/shareghi.de\/index.php?rest_route=\/wp\/v2\/types\/page"}],"author":[{"embeddable":true,"href":"https:\/\/shareghi.de\/index.php?rest_route=\/wp\/v2\/users\/2"}],"replies":[{"embeddable":true,"href":"https:\/\/shareghi.de\/index.php?rest_route=%2Fwp%2Fv2%2Fcomments&post=9"}],"version-history":[{"count":3,"href":"https:\/\/shareghi.de\/index.php?rest_route=\/wp\/v2\/pages\/9\/revisions"}],"predecessor-version":[{"id":208,"href":"https:\/\/shareghi.de\/index.php?rest_route=\/wp\/v2\/pages\/9\/revisions\/208"}],"wp:attachment":[{"href":"https:\/\/shareghi.de\/index.php?rest_route=%2Fwp%2Fv2%2Fmedia&parent=9"}],"curies":[{"name":"wp","href":"https:\/\/api.w.org\/{rel}","templated":true}]}}