{"id":137,"date":"2020-08-25T17:44:43","date_gmt":"2020-08-25T15:44:43","guid":{"rendered":"https:\/\/shareghi.de\/?page_id=137"},"modified":"2025-07-17T12:47:09","modified_gmt":"2025-07-17T10:47:09","slug":"fuenf-gute-gruende","status":"publish","type":"page","link":"https:\/\/shareghi.de\/?page_id=137","title":{"rendered":"F\u00fcnf Gute Gr\u00fcnde &#8230;"},"content":{"rendered":"\n<h1 class=\"wp-block-heading\"><strong><em>Warum Sie gerade jetzt zum Zahnarzt gehen sollten !!<\/em><\/strong><\/h1>\n\n\n\n<p class=\"has-drop-cap\">Karies macht keine Pause in der Pandemie und genau deshalb ist es wichtig, auch jetzt den halbj\u00e4hrlichen Vorsorge Termin beim<br>Zahnarzt wahrzunehmen. Pr\u00e4vention und Fr\u00fcherkennung sind die wichtigsten Instrumente f\u00fcr die Mundgesundheit.<br>\u2022 Die Folgen unbehandelter kari\u00f6ser Prozesse k\u00f6nnen bis hin zu einer<br>Nervenentz\u00fcndung des Zahns (Pulpitis, apikale Ostitis) und in deren Folge zu einer massiven Belastung des Immunsystems f\u00fchren.<br>\u2022 B\u00f6sartige Ver\u00e4nderungen der Mundschleimhaut k\u00f6nnen ebenfalls bei<br>der eingehenden Untersuchung festgestellt und m\u00f6glichst fr\u00fch zur<br>Behandlung \u00fcberwiesen werden.<\/p>\n\n\n\n<p class=\"has-drop-cap\">Die Mundh\u00f6hle ist die Eintrittspforte f\u00fcr Viren und Bakterien. Eine gesunde Mundschleimhaut bildet deshalb eine wichtige Barriere gegen Erreger, auch gegen Coronavirus. Unbehandelte Parodontal Erkrankungen erweisen sich als gro\u00dfe Schleimhaut Wunden, durch die Erreger ungehinderten Zutritt zum menschlichen K\u00f6rper haben und damit direkt zu einer Schw\u00e4chung des Immunsystems f\u00fchren. Deshalb ist jede Parodontitis-Prophylaxe auch Corona-Prophylaxe.<\/p>\n\n\n\n<p class=\"has-drop-cap\">Zahn\u00e4rztliche Vorsorgeuntersuchungen und Prophylaxe sind gerade f\u00fcr Menschen mit einem erh\u00f6hten Risiko f\u00fcr schwere Covid-19-Verl\u00e4ufe wichtig, um die Mundgesundheit zu erhalten oder wiederherzustellen. Durch gute Mundgesundheit wird eine m\u00f6glichst hohe H\u00fcrde f\u00fcr den Eintritt des Virus\u2018 aufgebaut. Verschleppte orale Probleme k\u00f6nnen f\u00fcr Patienten mit pulmonalen und kardialen Grunderkrankungen h\u00f6chst gef\u00e4hrlich werden. <br>Auch chronisch Kranke wie Diabetiker oder Asthmatiker sollten auf eine besonders gute Mundgesundheit achten, um den Grunderkrankungen nicht weiter Vorschub zu leisten.<\/p>\n\n\n\n<p class=\"has-drop-cap\">\u00c4ltere Menschen und Pflegebed\u00fcrftige geh\u00f6ren ebenfalls zur Risikogruppe f\u00fcr Covid-19. Weil sie oft von multiplen Grunderkrankungen betroffen sind, ist eine erh\u00f6hte zahnmedizinische Aufmerksamkeit geboten. Auch hier gilt: Ein gesunder Mund reduziert die Eintrittspforte f\u00fcr das Corona Virus. Darum sollte auch die aufsuchende Betreuung von Pflegebed\u00fcrftigen und Menschen mit Behinderungen, nat\u00fcrlich unter allen gebotenen Schutzma\u00dfnahmen, wieder aufgenommen werden. Der Erfolg einer kieferorthop\u00e4dischen Behandlung h\u00e4ngt<\/p>\n\n\n\n<p class=\"has-drop-cap\">Der Erfolg einer kieferorthop\u00e4dischen Behandlung h\u00e4ngt sehr von der regelm\u00e4\u00dfigen Kontrolle durch den Zahnarzt ab. Es sind die kleinen Korrekturen, die die gro\u00dfe Korrektur einer Zahnfehlstellung erst m\u00f6glich machen. Fallen diese aus, ist der Erfolg der gesamten Behandlung gef\u00e4hrdet.<\/p>\n","protected":false},"excerpt":{"rendered":"<p>Warum Sie gerade jetzt zum Zahnarzt gehen sollten !! Karies macht keine Pause in der Pandemie und genau deshalb ist es wichtig, auch jetzt den halbj\u00e4hrlichen Vorsorge Termin beimZahnarzt wahrzunehmen. Pr\u00e4vention und Fr\u00fcherkennung sind die wichtigsten Instrumente f\u00fcr die Mundgesundheit.\u2022 Die Folgen unbehandelter kari\u00f6ser Prozesse k\u00f6nnen bis hin zu einerNervenentz\u00fcndung des Zahns (Pulpitis, apikale Ostitis) &hellip; <\/p>\n<p class=\"link-more\"><a href=\"https:\/\/shareghi.de\/?page_id=137\" class=\"more-link\"><span class=\"screen-reader-text\">\u201eF\u00fcnf Gute Gr\u00fcnde &#8230;\u201c <\/span>weiterlesen<\/a><\/p>\n","protected":false},"author":1,"featured_media":0,"parent":14,"menu_order":0,"comment_status":"closed","ping_status":"closed","template":"","meta":{"footnotes":""},"class_list":["post-137","page","type-page","status-publish","hentry"],"_links":{"self":[{"href":"https:\/\/shareghi.de\/index.php?rest_route=\/wp\/v2\/pages\/137","targetHints":{"allow":["GET"]}}],"collection":[{"href":"https:\/\/shareghi.de\/index.php?rest_route=\/wp\/v2\/pages"}],"about":[{"href":"https:\/\/shareghi.de\/index.php?rest_route=\/wp\/v2\/types\/page"}],"author":[{"embeddable":true,"href":"https:\/\/shareghi.de\/index.php?rest_route=\/wp\/v2\/users\/1"}],"replies":[{"embeddable":true,"href":"https:\/\/shareghi.de\/index.php?rest_route=%2Fwp%2Fv2%2Fcomments&post=137"}],"version-history":[{"count":1,"href":"https:\/\/shareghi.de\/index.php?rest_route=\/wp\/v2\/pages\/137\/revisions"}],"predecessor-version":[{"id":213,"href":"https:\/\/shareghi.de\/index.php?rest_route=\/wp\/v2\/pages\/137\/revisions\/213"}],"up":[{"embeddable":true,"href":"https:\/\/shareghi.de\/index.php?rest_route=\/wp\/v2\/pages\/14"}],"wp:attachment":[{"href":"https:\/\/shareghi.de\/index.php?rest_route=%2Fwp%2Fv2%2Fmedia&parent=137"}],"curies":[{"name":"wp","href":"https:\/\/api.w.org\/{rel}","templated":true}]}}